{"id":26,"date":"2019-01-23T00:00:18","date_gmt":"2019-01-23T04:00:18","guid":{"rendered":"http:\/\/www.sigmaspa.cl\/web\/?page_id=26"},"modified":"2025-07-23T22:43:36","modified_gmt":"2025-07-24T02:43:36","slug":"consultoria-erp-flexline","status":"publish","type":"page","link":"https:\/\/www.sigmaspa.cl\/web\/consultoria-erp-flexline\/","title":{"rendered":"Consultoria ERP Flexline"},"content":{"rendered":"[vc_row type=\u00bbfull_width_background\u00bb full_screen_row_position=\u00bbmiddle\u00bb equal_height=\u00bbyes\u00bb content_placement=\u00bbmiddle\u00bb bg_image=\u00bb6265&#8243; bg_position=\u00bbleft top\u00bb bg_repeat=\u00bbno-repeat\u00bb bg_color=\u00bb#9ea1a3&#8243; scene_position=\u00bbcenter\u00bb text_color=\u00bblight\u00bb text_align=\u00bbleft\u00bb enable_gradient=\u00bbtrue\u00bb color_overlay=\u00bb#000000&#8243; gradient_direction=\u00bbleft_to_right\u00bb overlay_strength=\u00bb0.8&#8243; shape_divider_position=\u00bbbottom\u00bb bg_image_animation=\u00bbnone\u00bb shape_type=\u00bb\u00bb][vc_column column_padding=\u00bbpadding-4-percent\u00bb column_padding_position=\u00bball\u00bb background_color_opacity=\u00bb1&#8243; background_hover_color_opacity=\u00bb1&#8243; column_link_target=\u00bb_self\u00bb column_shadow=\u00bbnone\u00bb column_border_radius=\u00bbnone\u00bb top_margin=\u00bb4%\u00bb width=\u00bb1\/1&#8243; tablet_width_inherit=\u00bbdefault\u00bb tablet_text_alignment=\u00bbdefault\u00bb phone_text_alignment=\u00bbdefault\u00bb column_border_width=\u00bbnone\u00bb column_border_style=\u00bbsolid\u00bb bg_image_animation=\u00bbnone\u00bb][vc_row_inner column_margin=\u00bbdefault\u00bb text_align=\u00bbleft\u00bb][vc_column_inner column_padding=\u00bbno-extra-padding\u00bb column_padding_position=\u00bball\u00bb background_color_opacity=\u00bb1&#8243; background_hover_color_opacity=\u00bb1&#8243; column_shadow=\u00bbnone\u00bb column_border_radius=\u00bbnone\u00bb column_link_target=\u00bb_self\u00bb width=\u00bb1\/2&#8243; tablet_width_inherit=\u00bbdefault\u00bb column_border_width=\u00bbnone\u00bb column_border_style=\u00bbsolid\u00bb bg_image_animation=\u00bbnone\u00bb enable_animation=\u00bbtrue\u00bb animation=\u00bbfade-in-from-bottom\u00bb][vc_column_text css=\u00bb.vc_custom_1752119570551{margin-bottom: 20px !important;}\u00bb]\n<h3>Consultoria Flexline<\/h3>\n[\/vc_column_text]<div class=\"divider-wrap\" data-alignment=\"default\"><div style=\"margin-top: 25px; height: 4px; margin-bottom: 25px;\" data-width=\"100%\" data-animate=\"yes\" data-animation-delay=\"\" data-color=\"extra-color-gradient-2\" class=\"divider-border\"><\/div><\/div>[split_line_heading]\n<h3 data-start=\"141\" data-end=\"168\">Auditor\u00eda de procesos<\/h3>\n<p data-start=\"169\" data-end=\"357\">Detectamos oportunidades que impulsan tu negocio. Analizamos tus operaciones para eliminar cuellos de botella y mejorar la eficiencia, ayud\u00e1ndote a tomar decisiones m\u00e1s \u00e1giles y rentables.<\/p>\n[\/split_line_heading]<div class=\"divider-wrap\" data-alignment=\"default\"><div style=\"margin-top: 25px; height: 4px; margin-bottom: 25px;\" data-width=\"100%\" data-animate=\"yes\" data-animation-delay=\"\" data-color=\"extra-color-gradient-2\" class=\"divider-border\"><\/div><\/div>[split_line_heading]\n<h3 data-start=\"359\" data-end=\"389\">Adaptaci\u00f3n personalizada<\/h3>\n<p data-start=\"390\" data-end=\"552\">Flexline ERP se adapta a ti, no al rev\u00e9s. Configuramos el sistema seg\u00fan tus procesos y estilo de trabajo, para que trabajes mejor, m\u00e1s r\u00e1pido y con total fluidez.<\/p>\n[\/split_line_heading]<div class=\"divider-wrap\" data-alignment=\"default\"><div style=\"margin-top: 25px; height: 4px; margin-bottom: 25px;\" data-width=\"100%\" data-animate=\"yes\" data-animation-delay=\"\" data-color=\"extra-color-gradient-2\" class=\"divider-border\"><\/div><\/div>[split_line_heading]\n<h3 data-start=\"554\" data-end=\"587\">Capacitaci\u00f3n para tu equipo<\/h3>\n<p data-start=\"588\" data-end=\"759\">Tu equipo, listo para aprovechar todo el potencial. Brindamos capacitaciones pr\u00e1cticas, enfocadas en resolver dudas reales y asegurar un uso eficiente desde el primer d\u00eda.<\/p>\n[\/split_line_heading]<div class=\"divider-wrap\" data-alignment=\"default\"><div style=\"margin-top: 25px; height: 4px; margin-bottom: 25px;\" data-width=\"100%\" data-animate=\"yes\" data-animation-delay=\"\" data-color=\"extra-color-gradient-2\" class=\"divider-border\"><\/div><\/div>[split_line_heading]\n<h3 data-start=\"761\" data-end=\"792\">Soporte y mejora continua<\/h3>\n<p data-start=\"793\" data-end=\"964\">No solo implementamos, te acompa\u00f1amos. Con nuestro soporte continuo, garantizamos que Flexline ERP evolucione contigo y siga aportando valor a medida que tu empresa crece.<\/p>\n[\/split_line_heading][\/vc_column_inner][vc_column_inner column_padding=\u00bbno-extra-padding\u00bb column_padding_position=\u00bball\u00bb background_color_opacity=\u00bb1&#8243; background_hover_color_opacity=\u00bb1&#8243; column_shadow=\u00bbnone\u00bb column_border_radius=\u00bbnone\u00bb column_link_target=\u00bb_self\u00bb width=\u00bb1\/2&#8243; tablet_width_inherit=\u00bbdefault\u00bb column_border_width=\u00bbnone\u00bb column_border_style=\u00bbsolid\u00bb bg_image_animation=\u00bbnone\u00bb]<div class=\"img-with-aniamtion-wrap \" data-max-width=\"100%\" data-border-radius=\"none\"><div class=\"inner\"><img loading=\"lazy\" decoding=\"async\" data-shadow=\"none\" data-shadow-direction=\"middle\" class=\"img-with-animation skip-lazy \" data-delay=\"0\" height=\"875\" width=\"1400\"  data-animation=\"fade-in\" src=\"https:\/\/www.sigmaspa.cl\/web\/wp-content\/uploads\/2025\/07\/reporting.jpeg\" srcset=\"https:\/\/www.sigmaspa.cl\/web\/wp-content\/uploads\/2025\/07\/reporting.jpeg 1400w, https:\/\/www.sigmaspa.cl\/web\/wp-content\/uploads\/2025\/07\/reporting-300x188.jpeg 300w, https:\/\/www.sigmaspa.cl\/web\/wp-content\/uploads\/2025\/07\/reporting-1024x640.jpeg 1024w, https:\/\/www.sigmaspa.cl\/web\/wp-content\/uploads\/2025\/07\/reporting-768x480.jpeg 768w\" sizes=\"100vw\" alt=\"\" \/><\/div><\/div>[\/vc_column_inner][\/vc_row_inner][\/vc_column][\/vc_row][vc_row type=\u00bbfull_width_background\u00bb full_screen_row_position=\u00bbmiddle\u00bb bg_image=\u00bb6153&#8243; bg_position=\u00bbcenter center\u00bb bg_repeat=\u00bbno-repeat\u00bb bg_color=\u00bb#9ea1a3&#8243; scene_position=\u00bbcenter\u00bb text_color=\u00bblight\u00bb text_align=\u00bbleft\u00bb top_padding=\u00bb15%\u00bb bottom_padding=\u00bb8%\u00bb enable_gradient=\u00bbtrue\u00bb color_overlay=\u00bbrgba(28,28,30,0.93)\u00bb gradient_direction=\u00bbleft_to_right\u00bb overlay_strength=\u00bb0.95&#8243; shape_divider_position=\u00bbbottom\u00bb bg_image_animation=\u00bbnone\u00bb shape_type=\u00bb\u00bb][vc_column column_padding=\u00bbno-extra-padding\u00bb column_padding_position=\u00bball\u00bb background_color_opacity=\u00bb1&#8243; background_hover_color_opacity=\u00bb1&#8243; column_link_target=\u00bb_self\u00bb column_shadow=\u00bbnone\u00bb column_border_radius=\u00bbnone\u00bb width=\u00bb1\/2&#8243; tablet_width_inherit=\u00bbdefault\u00bb tablet_text_alignment=\u00bbdefault\u00bb phone_text_alignment=\u00bbdefault\u00bb column_border_width=\u00bbnone\u00bb column_border_style=\u00bbsolid\u00bb bg_image_animation=\u00bbnone\u00bb][vc_row_inner column_margin=\u00bbdefault\u00bb text_align=\u00bbleft\u00bb css=\u00bb.vc_custom_1504394107673{margin-bottom: 0px !important;}\u00bb][vc_column_inner column_padding=\u00bbno-extra-padding\u00bb column_padding_position=\u00bball\u00bb background_color_opacity=\u00bb1&#8243; background_hover_color_opacity=\u00bb1&#8243; column_shadow=\u00bbnone\u00bb column_border_radius=\u00bbnone\u00bb column_link_target=\u00bb_self\u00bb width=\u00bb1\/1&#8243; tablet_width_inherit=\u00bbdefault\u00bb column_border_width=\u00bbnone\u00bb column_border_style=\u00bbsolid\u00bb bg_image_animation=\u00bbnone\u00bb enable_animation=\u00bbtrue\u00bb animation=\u00bbfade-in-from-bottom\u00bb][vc_column_text css=\u00bb.vc_custom_1749772105529{margin-bottom: 20px !important;}\u00bb]\n<h3>\u00bfPor qu\u00e9 trabajar con nosotros?<\/h3>\n[\/vc_column_text][\/vc_column_inner][\/vc_row_inner][split_line_heading]En Sigmatech SPA contamos con mas de 20 a\u00f1os de experiencia<\/p>\n<p>brindando soluciones y soporte tecnol\u00f3gico a empresas<\/p>\n<p>tanto peque\u00f1as como grandes corporaciones, a lo largo del pa\u00eds.[\/split_line_heading][nectar_btn size=\u00bblarge\u00bb button_style=\u00bbregular\u00bb button_color_2=\u00bbextra-color-gradient-2&#8243; icon_family=\u00bbnone\u00bb url=\u00bbhttp:\/\/www.sigmaspa.cl\/web\/contacto\u00bb text=\u00bbContactenos!\u00bb css_animation=\u00bbslideInUp\u00bb][\/vc_column][vc_column column_padding=\u00bbno-extra-padding\u00bb column_padding_position=\u00bball\u00bb background_color_opacity=\u00bb1&#8243; background_hover_color_opacity=\u00bb1&#8243; column_link_target=\u00bb_self\u00bb column_shadow=\u00bbnone\u00bb column_border_radius=\u00bbnone\u00bb width=\u00bb1\/2&#8243; tablet_width_inherit=\u00bbdefault\u00bb tablet_text_alignment=\u00bbdefault\u00bb phone_text_alignment=\u00bbdefault\u00bb column_border_width=\u00bbnone\u00bb column_border_style=\u00bbsolid\u00bb bg_image_animation=\u00bbnone\u00bb][vc_row_inner column_margin=\u00bbdefault\u00bb text_align=\u00bbleft\u00bb][vc_column_inner column_padding=\u00bbno-extra-padding\u00bb column_padding_position=\u00bball\u00bb background_color_opacity=\u00bb1&#8243; background_hover_color_opacity=\u00bb1&#8243; column_shadow=\u00bbnone\u00bb column_border_radius=\u00bbnone\u00bb column_link_target=\u00bb_self\u00bb width=\u00bb1\/1&#8243; tablet_width_inherit=\u00bbdefault\u00bb column_border_width=\u00bbnone\u00bb column_border_style=\u00bbsolid\u00bb bg_image_animation=\u00bbnone\u00bb][vc_column_text]\n<h3>Nuestras especialidades<\/h3>\n[\/vc_column_text][\/vc_column_inner][\/vc_row_inner][split_line_heading]Nuestros servicios abarcan desde soporte de equipos y computadoras, gesti\u00f3n y control de software corporativo, administraci\u00f3n de servicios web y bases de datos, hasta instalaciones completas de estaciones de trabajo listas para operar desde el d\u00eda uno.[\/split_line_heading][\/vc_column][\/vc_row][vc_row type=\u00bbfull_width_background\u00bb full_screen_row_position=\u00bbmiddle\u00bb bg_image=\u00bb6122&#8243; bg_position=\u00bbcenter center\u00bb bg_repeat=\u00bbno-repeat\u00bb bg_color=\u00bb#ffffff\u00bb scene_position=\u00bbcenter\u00bb text_color=\u00bblight\u00bb text_align=\u00bbleft\u00bb top_padding=\u00bb14%\u00bb bottom_padding=\u00bb12%\u00bb enable_gradient=\u00bbtrue\u00bb color_overlay=\u00bb#0a0000&#8243; color_overlay_2=\u00bbrgba(10,10,10,0.5)\u00bb gradient_direction=\u00bbleft_to_right\u00bb overlay_strength=\u00bb0.5&#8243; enable_shape_divider=\u00bbtrue\u00bb shape_divider_color=\u00bb#f2f2f2&#8243; shape_divider_position=\u00bbbottom\u00bb shape_divider_height=\u00bb100&#8243; shape_divider_bring_to_front=\u00bbtrue\u00bb bg_image_animation=\u00bbnone\u00bb parallax_bg=\u00bbtrue\u00bb parallax_bg_speed=\u00bbfast\u00bb shape_type=\u00bbcurve_opacity\u00bb][vc_column column_padding=\u00bbno-extra-padding\u00bb column_padding_position=\u00bball\u00bb background_color_opacity=\u00bb1&#8243; background_hover_color_opacity=\u00bb1&#8243; column_link_target=\u00bb_self\u00bb column_shadow=\u00bbnone\u00bb column_border_radius=\u00bbnone\u00bb width=\u00bb1\/1&#8243; tablet_width_inherit=\u00bbdefault\u00bb tablet_text_alignment=\u00bbdefault\u00bb phone_text_alignment=\u00bbdefault\u00bb column_border_width=\u00bbnone\u00bb column_border_style=\u00bbsolid\u00bb bg_image_animation=\u00bbnone\u00bb][vc_row_inner equal_height=\u00bbyes\u00bb content_placement=\u00bbmiddle\u00bb column_margin=\u00bbdefault\u00bb text_align=\u00bbleft\u00bb][vc_column_inner column_padding=\u00bbno-extra-padding\u00bb column_padding_position=\u00bball\u00bb background_color_opacity=\u00bb1&#8243; background_hover_color_opacity=\u00bb1&#8243; column_shadow=\u00bbnone\u00bb column_border_radius=\u00bbnone\u00bb column_link_target=\u00bb_self\u00bb width=\u00bb2\/3&#8243; tablet_width_inherit=\u00bbdefault\u00bb column_border_width=\u00bbnone\u00bb column_border_style=\u00bbsolid\u00bb bg_image_animation=\u00bbnone\u00bb enable_animation=\u00bbtrue\u00bb animation=\u00bbfade-in\u00bb offset=\u00bbvc_col-lg-6 vc_col-md-6 vc_col-xs-12&#8243;][vc_column_text css_animation=\u00bbfadeInUp\u00bb css=\u00bb.vc_custom_1750112967551{margin-bottom: 15px !important;}\u00bb][\/vc_column_text][split_line_heading]\n<h2>Dise\u00f1amos Soluciones a Medida<\/h2>\n<h2>Transformando tu empresa<\/h2>\n[\/split_line_heading][nectar_btn size=\u00bblarge\u00bb button_style=\u00bbregular\u00bb button_color_2=\u00bbextra-color-gradient-2&#8243; icon_family=\u00bbdefault_arrow\u00bb url=\u00bbhttps:\/\/www.sigmaspa.cl\/web\/nosotros\/\u00bb text=\u00bbMas&#8230;\u00bb margin_top=\u00bb25&#8243; css_animation=\u00bbslideInUp\u00bb][\/vc_column_inner][vc_column_inner column_padding=\u00bbpadding-6-percent\u00bb column_padding_position=\u00bbbottom\u00bb background_color_opacity=\u00bb1&#8243; background_hover_color_opacity=\u00bb1&#8243; column_shadow=\u00bbnone\u00bb column_border_radius=\u00bbnone\u00bb column_link_target=\u00bb_self\u00bb width=\u00bb1\/3&#8243; tablet_width_inherit=\u00bbdefault\u00bb column_border_width=\u00bbnone\u00bb column_border_style=\u00bbsolid\u00bb bg_image_animation=\u00bbnone\u00bb enable_animation=\u00bbtrue\u00bb animation=\u00bbfade-in-from-bottom\u00bb offset=\u00bbvc_col-xs-12&#8243;][\/vc_column_inner][\/vc_row_inner][\/vc_column][\/vc_row]\n","protected":false},"excerpt":{"rendered":"<p>[vc_row type=\u00bbfull_width_background\u00bb full_screen_row_position=\u00bbmiddle\u00bb equal_height=\u00bbyes\u00bb content_placement=\u00bbmiddle\u00bb bg_image=\u00bb6265&#8243; bg_position=\u00bbleft top\u00bb bg_repeat=\u00bbno-repeat\u00bb bg_color=\u00bb#9ea1a3&#8243; scene_position=\u00bbcenter\u00bb text_color=\u00bblight\u00bb text_align=\u00bbleft\u00bb enable_gradient=\u00bbtrue\u00bb color_overlay=\u00bb#000000&#8243; gradient_direction=\u00bbleft_to_right\u00bb overlay_strength=\u00bb0.8&#8243; shape_divider_position=\u00bbbottom\u00bb bg_image_animation=\u00bbnone\u00bb shape_type=\u00bb\u00bb][vc_column column_padding=\u00bbpadding-4-percent\u00bb column_padding_position=\u00bball\u00bb background_color_opacity=\u00bb1&#8243; background_hover_color_opacity=\u00bb1&#8243; column_link_target=\u00bb_self\u00bb&#8230;<\/p>\n","protected":false},"author":1,"featured_media":0,"parent":0,"menu_order":0,"comment_status":"closed","ping_status":"closed","template":"","meta":{"footnotes":""},"_links":{"self":[{"href":"https:\/\/www.sigmaspa.cl\/web\/wp-json\/wp\/v2\/pages\/26"}],"collection":[{"href":"https:\/\/www.sigmaspa.cl\/web\/wp-json\/wp\/v2\/pages"}],"about":[{"href":"https:\/\/www.sigmaspa.cl\/web\/wp-json\/wp\/v2\/types\/page"}],"author":[{"embeddable":true,"href":"https:\/\/www.sigmaspa.cl\/web\/wp-json\/wp\/v2\/users\/1"}],"replies":[{"embeddable":true,"href":"https:\/\/www.sigmaspa.cl\/web\/wp-json\/wp\/v2\/comments?post=26"}],"version-history":[{"count":31,"href":"https:\/\/www.sigmaspa.cl\/web\/wp-json\/wp\/v2\/pages\/26\/revisions"}],"predecessor-version":[{"id":6266,"href":"https:\/\/www.sigmaspa.cl\/web\/wp-json\/wp\/v2\/pages\/26\/revisions\/6266"}],"wp:attachment":[{"href":"https:\/\/www.sigmaspa.cl\/web\/wp-json\/wp\/v2\/media?parent=26"}],"curies":[{"name":"wp","href":"https:\/\/api.w.org\/{rel}","templated":true}]}}