{"id":6142,"date":"2019-01-16T00:00:42","date_gmt":"2019-01-16T04:00:42","guid":{"rendered":"https:\/\/www.sigmaspa.cl\/web\/?page_id=6142"},"modified":"2025-07-23T22:44:38","modified_gmt":"2025-07-24T02:44:38","slug":"nosotros","status":"publish","type":"page","link":"https:\/\/www.sigmaspa.cl\/web\/nosotros\/","title":{"rendered":"Nosotros"},"content":{"rendered":"[vc_row type=\u00bbfull_width_background\u00bb full_screen_row_position=\u00bbmiddle\u00bb bg_image=\u00bb6188&#8243; bg_position=\u00bbleft top\u00bb bg_repeat=\u00bbno-repeat\u00bb scene_position=\u00bbcenter\u00bb text_color=\u00bbdark\u00bb text_align=\u00bbleft\u00bb top_padding=\u00bb5%\u00bb bottom_padding=\u00bb14%\u00bb overlay_strength=\u00bb0.3&#8243; enable_shape_divider=\u00bbtrue\u00bb shape_divider_color=\u00bb#f2f2f2&#8243; shape_divider_position=\u00bbbottom\u00bb shape_divider_height=\u00bb100&#8243; shape_divider_bring_to_front=\u00bbtrue\u00bb bg_image_animation=\u00bbnone\u00bb shape_type=\u00bbcurve_opacity\u00bb][vc_column column_padding=\u00bbpadding-2-percent\u00bb column_padding_position=\u00bbright\u00bb background_color_opacity=\u00bb1&#8243; background_hover_color_opacity=\u00bb1&#8243; column_link_target=\u00bb_self\u00bb column_shadow=\u00bbnone\u00bb column_border_radius=\u00bbnone\u00bb width=\u00bb7\/12&#8243; tablet_width_inherit=\u00bbdefault\u00bb tablet_text_alignment=\u00bbdefault\u00bb phone_text_alignment=\u00bbdefault\u00bb column_border_width=\u00bbnone\u00bb column_border_style=\u00bbsolid\u00bb bg_image_animation=\u00bbnone\u00bb][vc_column_text css_animation=\u00bbfadeIn\u00bb]\n<blockquote>\n<h3><strong><em>\u00abComprensi\u00f3n y Entendimiento Primero. Despu\u00e9s Aplicaci\u00f3n\u00bb<\/em><\/strong><\/h3>\n<\/blockquote>\n[\/vc_column_text][vc_column_text css_animation=\u00bbfadeIn\u00bb]\n<h4>\u2699\ufe0f <strong>Productos y Servicios a Medida.<\/strong><\/h4>\n<p>Antes de poner manos a la obra cualquier proyecto, nos gusta sentarnos junto al cliente, con l\u00e1piz y papel. Analizamos cualquier proyecto abstray\u00e9ndonos a los productos tecnol\u00f3gicos. Para nosotros es fundamental entender tempranamente las necesidades del negocio e identificar las restricciones ambientales, para poder establecer un dise\u00f1o coherente que garantice alcanzar los objetivos, de acuerdo a la realidad de cada uno de nuestros clientes.<\/p>\n[\/vc_column_text]<div class=\"divider-wrap\" data-alignment=\"default\"><div style=\"margin-top: 25px; height: 4px; margin-bottom: 25px;\" data-width=\"100%\" data-animate=\"yes\" data-animation-delay=\"\" data-color=\"extra-color-gradient-2\" class=\"divider-border\"><\/div><\/div><div class=\"divider-wrap\" data-alignment=\"default\"><div style=\"height: 20px;\" class=\"divider\"><\/div><\/div>[vc_column_text css_animation=\u00bbfadeIn\u00bb]\n<h4>\u2714\ufe0f Iteraciones \u00e1giles y constantes.<\/h4>\n<p>El mundo es din\u00e1mico y muchas veces hay imponderables, entonces, Un proyecto, cualquiera que sea, no est\u00e1 ajenos a ellos. Nos enfocamos en dar respuestas r\u00e1pidas y asertivas a variaciones que puedan surgir.<\/p>\n<ul>\n<li>Ofrecemos servicio integral, desde dise\u00f1o hasta mantenci\u00f3n y soporte.<\/li>\n<li>Cobertura nacional.<\/li>\n<li>Cumplimiento de plazos de entrega pactados.<\/li>\n<li>Suministros tecnol\u00f3gicos de est\u00e1ndares internacionales.<\/li>\n<li>Garantizamos nuestras instalaciones de cableado estructurado por 1 a\u00f1o.<\/li>\n<li>Actualizaci\u00f3n continua de nuestros profesionales.<\/li>\n<li>Apasionados por nuestro trabajo.<\/li>\n<\/ul>\n[\/vc_column_text][\/vc_column][vc_column column_padding=\u00bbpadding-4-percent\u00bb column_padding_position=\u00bball\u00bb background_color_opacity=\u00bb1&#8243; background_hover_color_opacity=\u00bb1&#8243; column_link_target=\u00bb_self\u00bb column_shadow=\u00bbnone\u00bb column_border_radius=\u00bbnone\u00bb bottom_margin=\u00bb30&#8243; width=\u00bb5\/12&#8243; tablet_width_inherit=\u00bbdefault\u00bb tablet_text_alignment=\u00bbdefault\u00bb phone_text_alignment=\u00bbdefault\u00bb column_border_width=\u00bbnone\u00bb column_border_style=\u00bbsolid\u00bb bg_image_animation=\u00bbnone\u00bb]<div class=\"img-with-aniamtion-wrap center\" data-max-width=\"100%\" data-border-radius=\"10px\"><div class=\"inner\"><img loading=\"lazy\" decoding=\"async\" data-shadow=\"medium_depth\" data-shadow-direction=\"middle\" class=\"img-with-animation skip-lazy \" data-delay=\"0\" height=\"619\" width=\"1100\"  data-animation=\"fade-in\" src=\"https:\/\/www.sigmaspa.cl\/web\/wp-content\/uploads\/2025\/07\/Mantenimiento-servidor.jpg\" srcset=\"https:\/\/www.sigmaspa.cl\/web\/wp-content\/uploads\/2025\/07\/Mantenimiento-servidor.jpg 1100w, https:\/\/www.sigmaspa.cl\/web\/wp-content\/uploads\/2025\/07\/Mantenimiento-servidor-300x169.jpg 300w, https:\/\/www.sigmaspa.cl\/web\/wp-content\/uploads\/2025\/07\/Mantenimiento-servidor-1024x576.jpg 1024w, https:\/\/www.sigmaspa.cl\/web\/wp-content\/uploads\/2025\/07\/Mantenimiento-servidor-768x432.jpg 768w\" sizes=\"100vw\" alt=\"\" \/><\/div><\/div>[vc_custom_heading text=\u00bbContact email\u00bb font_container=\u00bbtag:p|text_align:left|color:rgba(0%2C0%2C0%2C0.5)\u00bb use_theme_fonts=\u00bbyes\u00bb css_animation=\u00bbfadeIn\u00bb css=\u00bb.vc_custom_1750220904222{margin-bottom: -20px !important;}\u00bb][vc_column_text css_animation=\u00bbfadeIn\u00bb]\n<h4><a href=\"mailto:contacto@sigmaspa.cl\">contacto@sigmaspa.cl<\/a><\/h4>\n[\/vc_column_text]<div class=\"divider-wrap\" data-alignment=\"default\"><div style=\"height: 20px;\" class=\"divider\"><\/div><\/div>[vc_row_inner column_margin=\u00bbdefault\u00bb text_align=\u00bbleft\u00bb][vc_column_inner column_padding=\u00bbno-extra-padding\u00bb column_padding_position=\u00bball\u00bb background_color_opacity=\u00bb1&#8243; background_hover_color_opacity=\u00bb1&#8243; column_shadow=\u00bbnone\u00bb column_border_radius=\u00bbnone\u00bb column_link_target=\u00bb_self\u00bb width=\u00bb4\/5&#8243; tablet_width_inherit=\u00bbdefault\u00bb column_border_width=\u00bbnone\u00bb column_border_style=\u00bbsolid\u00bb bg_image_animation=\u00bbnone\u00bb][vc_column_text]<div class='ays-chart-container-google ays-chart-container-3' id='ays-chart-container6a08817095fd7' data-id='6a08817095fd7'><div class='ays-chart-header-container'><div class='ays-chart-charts-title ays-chart-charts-title6a08817095fd7'>Principales sectores de clientes:<\/div><div class='ays-chart-charts-description ays-chart-charts-description6a08817095fd7'>Organizados por tipo de industria*<\/div><\/div><div class='ays-chart-charts-main-container ays-chart-charts-main-container6a08817095fd7' id=ays-chart-pie_chart6a08817095fd7 data-type='pie_chart'><\/div><div class='ays-chart-actions-container'><div class='ays-chart-export-buttons' data-id='3'><\/div><\/div><\/div>[\/vc_column_text][\/vc_column_inner][vc_column_inner column_padding=\u00bbno-extra-padding\u00bb column_padding_position=\u00bball\u00bb background_color_opacity=\u00bb1&#8243; background_hover_color_opacity=\u00bb1&#8243; column_shadow=\u00bbnone\u00bb column_border_radius=\u00bbnone\u00bb column_link_target=\u00bb_self\u00bb width=\u00bb1\/5&#8243; tablet_width_inherit=\u00bbdefault\u00bb column_border_width=\u00bbnone\u00bb column_border_style=\u00bbsolid\u00bb bg_image_animation=\u00bbnone\u00bb][\/vc_column_inner][\/vc_row_inner][\/vc_column][\/vc_row][vc_row type=\u00bbfull_width_background\u00bb full_screen_row_position=\u00bbmiddle\u00bb bg_image=\u00bb6153&#8243; bg_position=\u00bbcenter center\u00bb bg_repeat=\u00bbno-repeat\u00bb bg_color=\u00bb#9ea1a3&#8243; scene_position=\u00bbcenter\u00bb text_color=\u00bblight\u00bb text_align=\u00bbleft\u00bb top_padding=\u00bb15%\u00bb bottom_padding=\u00bb8%\u00bb enable_gradient=\u00bbtrue\u00bb color_overlay=\u00bb#000000&#8243; gradient_direction=\u00bbleft_to_right\u00bb overlay_strength=\u00bb0.95&#8243; shape_divider_position=\u00bbbottom\u00bb bg_image_animation=\u00bbnone\u00bb shape_type=\u00bb\u00bb][vc_column column_padding=\u00bbno-extra-padding\u00bb column_padding_position=\u00bball\u00bb background_color_opacity=\u00bb1&#8243; background_hover_color_opacity=\u00bb1&#8243; column_link_target=\u00bb_self\u00bb column_shadow=\u00bbnone\u00bb column_border_radius=\u00bbnone\u00bb width=\u00bb1\/2&#8243; tablet_width_inherit=\u00bbdefault\u00bb tablet_text_alignment=\u00bbdefault\u00bb phone_text_alignment=\u00bbdefault\u00bb column_border_width=\u00bbnone\u00bb column_border_style=\u00bbsolid\u00bb bg_image_animation=\u00bbnone\u00bb][vc_row_inner column_margin=\u00bbdefault\u00bb text_align=\u00bbleft\u00bb][vc_column_inner column_padding=\u00bbno-extra-padding\u00bb column_padding_position=\u00bball\u00bb background_color_opacity=\u00bb1&#8243; background_hover_color_opacity=\u00bb1&#8243; column_shadow=\u00bbnone\u00bb column_border_radius=\u00bbnone\u00bb column_link_target=\u00bb_self\u00bb width=\u00bb1\/1&#8243; tablet_width_inherit=\u00bbdefault\u00bb column_border_width=\u00bbnone\u00bb column_border_style=\u00bbsolid\u00bb bg_image_animation=\u00bbnone\u00bb][vc_column_text]\n<h3>\u00bfPor qu\u00e9 trabajar con nosotros?<\/h3>\n[\/vc_column_text][\/vc_column_inner][\/vc_row_inner][split_line_heading]En Sigmatech SPA contamos con mas de 20 a\u00f1os de experiencia<\/p>\n<p>brindando soluciones y soporte tecnol\u00f3gico a empresas<\/p>\n<p>tanto peque\u00f1as como grandes corporaciones, a lo largo del pa\u00eds.[\/split_line_heading][nectar_btn size=\u00bblarge\u00bb button_style=\u00bbregular\u00bb button_color_2=\u00bbextra-color-gradient-2&#8243; icon_family=\u00bbnone\u00bb url=\u00bbhttp:\/\/www.sigmaspa.cl\/web\/contacto\u00bb text=\u00bbContactenos!\u00bb css_animation=\u00bbslideInUp\u00bb][\/vc_column][vc_column column_padding=\u00bbno-extra-padding\u00bb column_padding_position=\u00bball\u00bb background_color_opacity=\u00bb1&#8243; background_hover_color_opacity=\u00bb1&#8243; column_link_target=\u00bb_self\u00bb column_shadow=\u00bbnone\u00bb column_border_radius=\u00bbnone\u00bb width=\u00bb1\/2&#8243; tablet_width_inherit=\u00bbdefault\u00bb tablet_text_alignment=\u00bbdefault\u00bb phone_text_alignment=\u00bbdefault\u00bb column_border_width=\u00bbnone\u00bb column_border_style=\u00bbsolid\u00bb bg_image_animation=\u00bbnone\u00bb][vc_row_inner column_margin=\u00bbdefault\u00bb text_align=\u00bbleft\u00bb][vc_column_inner column_padding=\u00bbno-extra-padding\u00bb column_padding_position=\u00bball\u00bb background_color_opacity=\u00bb1&#8243; background_hover_color_opacity=\u00bb1&#8243; column_shadow=\u00bbnone\u00bb column_border_radius=\u00bbnone\u00bb column_link_target=\u00bb_self\u00bb width=\u00bb1\/1&#8243; tablet_width_inherit=\u00bbdefault\u00bb column_border_width=\u00bbnone\u00bb column_border_style=\u00bbsolid\u00bb bg_image_animation=\u00bbnone\u00bb][vc_column_text]\n<h3>Nuestras especialidades<\/h3>\n[\/vc_column_text][\/vc_column_inner][\/vc_row_inner][split_line_heading]Nuestros servicios abarcan desde soporte de equipos y computadoras, gesti\u00f3n y control de software corporativo, administraci\u00f3n de servicios web y bases de datos, hasta instalaciones completas de estaciones de trabajo listas para operar desde el d\u00eda uno.[\/split_line_heading][\/vc_column][\/vc_row][vc_row type=\u00bbfull_width_background\u00bb full_screen_row_position=\u00bbmiddle\u00bb bg_image=\u00bb6122&#8243; bg_position=\u00bbcenter center\u00bb bg_repeat=\u00bbno-repeat\u00bb bg_color=\u00bb#ffffff\u00bb scene_position=\u00bbcenter\u00bb text_color=\u00bblight\u00bb text_align=\u00bbleft\u00bb top_padding=\u00bb14%\u00bb bottom_padding=\u00bb12%\u00bb enable_gradient=\u00bbtrue\u00bb color_overlay=\u00bb#0a0000&#8243; color_overlay_2=\u00bbrgba(10,10,10,0.5)\u00bb gradient_direction=\u00bbleft_to_right\u00bb overlay_strength=\u00bb0.5&#8243; enable_shape_divider=\u00bbtrue\u00bb shape_divider_color=\u00bb#f2f2f2&#8243; shape_divider_position=\u00bbbottom\u00bb shape_divider_height=\u00bb100&#8243; shape_divider_bring_to_front=\u00bbtrue\u00bb bg_image_animation=\u00bbnone\u00bb parallax_bg=\u00bbtrue\u00bb parallax_bg_speed=\u00bbfast\u00bb shape_type=\u00bbcurve_opacity\u00bb][vc_column column_padding=\u00bbno-extra-padding\u00bb column_padding_position=\u00bball\u00bb background_color_opacity=\u00bb1&#8243; background_hover_color_opacity=\u00bb1&#8243; column_link_target=\u00bb_self\u00bb column_shadow=\u00bbnone\u00bb column_border_radius=\u00bbnone\u00bb width=\u00bb1\/1&#8243; tablet_width_inherit=\u00bbdefault\u00bb tablet_text_alignment=\u00bbdefault\u00bb phone_text_alignment=\u00bbdefault\u00bb column_border_width=\u00bbnone\u00bb column_border_style=\u00bbsolid\u00bb bg_image_animation=\u00bbnone\u00bb][vc_row_inner equal_height=\u00bbyes\u00bb content_placement=\u00bbmiddle\u00bb column_margin=\u00bbdefault\u00bb text_align=\u00bbleft\u00bb][vc_column_inner column_padding=\u00bbno-extra-padding\u00bb column_padding_position=\u00bball\u00bb background_color_opacity=\u00bb1&#8243; background_hover_color_opacity=\u00bb1&#8243; column_shadow=\u00bbnone\u00bb column_border_radius=\u00bbnone\u00bb column_link_target=\u00bb_self\u00bb width=\u00bb2\/3&#8243; tablet_width_inherit=\u00bbdefault\u00bb column_border_width=\u00bbnone\u00bb column_border_style=\u00bbsolid\u00bb bg_image_animation=\u00bbnone\u00bb enable_animation=\u00bbtrue\u00bb animation=\u00bbfade-in\u00bb offset=\u00bbvc_col-lg-6 vc_col-md-6 vc_col-xs-12&#8243;][vc_column_text css_animation=\u00bbfadeInUp\u00bb css=\u00bb.vc_custom_1750112967551{margin-bottom: 15px !important;}\u00bb][\/vc_column_text][split_line_heading]\n<h2>Dise\u00f1amos Soluciones a Medida<\/h2>\n<h2>Transformando tu empresa<\/h2>\n[\/split_line_heading][nectar_btn size=\u00bblarge\u00bb button_style=\u00bbregular\u00bb button_color_2=\u00bbextra-color-gradient-2&#8243; icon_family=\u00bbdefault_arrow\u00bb url=\u00bbhttps:\/\/www.sigmaspa.cl\/web\/nosotros\/\u00bb text=\u00bbMas&#8230;\u00bb margin_top=\u00bb25&#8243; css_animation=\u00bbslideInUp\u00bb][\/vc_column_inner][vc_column_inner column_padding=\u00bbpadding-6-percent\u00bb column_padding_position=\u00bbbottom\u00bb background_color_opacity=\u00bb1&#8243; background_hover_color_opacity=\u00bb1&#8243; column_shadow=\u00bbnone\u00bb column_border_radius=\u00bbnone\u00bb column_link_target=\u00bb_self\u00bb width=\u00bb1\/3&#8243; tablet_width_inherit=\u00bbdefault\u00bb column_border_width=\u00bbnone\u00bb column_border_style=\u00bbsolid\u00bb bg_image_animation=\u00bbnone\u00bb enable_animation=\u00bbtrue\u00bb animation=\u00bbfade-in-from-bottom\u00bb offset=\u00bbvc_col-xs-12&#8243;][\/vc_column_inner][\/vc_row_inner][\/vc_column][\/vc_row]\n","protected":false},"excerpt":{"rendered":"<p>[vc_row type=\u00bbfull_width_background\u00bb full_screen_row_position=\u00bbmiddle\u00bb bg_image=\u00bb6188&#8243; bg_position=\u00bbleft top\u00bb bg_repeat=\u00bbno-repeat\u00bb scene_position=\u00bbcenter\u00bb text_color=\u00bbdark\u00bb text_align=\u00bbleft\u00bb top_padding=\u00bb5%\u00bb bottom_padding=\u00bb14%\u00bb overlay_strength=\u00bb0.3&#8243; enable_shape_divider=\u00bbtrue\u00bb shape_divider_color=\u00bb#f2f2f2&#8243; shape_divider_position=\u00bbbottom\u00bb shape_divider_height=\u00bb100&#8243; shape_divider_bring_to_front=\u00bbtrue\u00bb bg_image_animation=\u00bbnone\u00bb shape_type=\u00bbcurve_opacity\u00bb][vc_column column_padding=\u00bbpadding-2-percent\u00bb column_padding_position=\u00bbright\u00bb background_color_opacity=\u00bb1&#8243; background_hover_color_opacity=\u00bb1&#8243; column_link_target=\u00bb_self\u00bb&#8230;<\/p>\n","protected":false},"author":1,"featured_media":0,"parent":0,"menu_order":0,"comment_status":"closed","ping_status":"closed","template":"","meta":{"footnotes":""},"_links":{"self":[{"href":"https:\/\/www.sigmaspa.cl\/web\/wp-json\/wp\/v2\/pages\/6142"}],"collection":[{"href":"https:\/\/www.sigmaspa.cl\/web\/wp-json\/wp\/v2\/pages"}],"about":[{"href":"https:\/\/www.sigmaspa.cl\/web\/wp-json\/wp\/v2\/types\/page"}],"author":[{"embeddable":true,"href":"https:\/\/www.sigmaspa.cl\/web\/wp-json\/wp\/v2\/users\/1"}],"replies":[{"embeddable":true,"href":"https:\/\/www.sigmaspa.cl\/web\/wp-json\/wp\/v2\/comments?post=6142"}],"version-history":[{"count":27,"href":"https:\/\/www.sigmaspa.cl\/web\/wp-json\/wp\/v2\/pages\/6142\/revisions"}],"predecessor-version":[{"id":6269,"href":"https:\/\/www.sigmaspa.cl\/web\/wp-json\/wp\/v2\/pages\/6142\/revisions\/6269"}],"wp:attachment":[{"href":"https:\/\/www.sigmaspa.cl\/web\/wp-json\/wp\/v2\/media?parent=6142"}],"curies":[{"name":"wp","href":"https:\/\/api.w.org\/{rel}","templated":true}]}}